{"id":612,"date":"2023-11-20T11:11:13","date_gmt":"2023-11-20T10:11:13","guid":{"rendered":"https:\/\/palindromo.com\/politique-de-confidentialite\/"},"modified":"2024-07-15T10:46:59","modified_gmt":"2024-07-15T08:46:59","slug":"politique-de-confidentialite","status":"publish","type":"page","link":"https:\/\/palindromo.com\/fr\/politique-de-confidentialite\/","title":{"rendered":"Politique de confidentialit\u00e9"},"content":{"rendered":"[vc_row type=\u00a0\u00bbin_container\u00a0\u00bb full_screen_row_position=\u00a0\u00bbmiddle\u00a0\u00bb column_margin=\u00a0\u00bbdefault\u00a0\u00bb column_direction=\u00a0\u00bbdefault\u00a0\u00bb column_direction_tablet=\u00a0\u00bbdefault\u00a0\u00bb column_direction_phone=\u00a0\u00bbdefault\u00a0\u00bb scene_position=\u00a0\u00bbcenter\u00a0\u00bb top_padding=\u00a0\u00bb120&Prime; bottom_padding=\u00a0\u00bb8%\u00a0\u00bb top_padding_tablet=\u00a0\u00bb50&Prime; top_padding_phone=\u00a0\u00bb35&Prime; text_color=\u00a0\u00bbdark\u00a0\u00bb text_align=\u00a0\u00bbleft\u00a0\u00bb row_border_radius=\u00a0\u00bbnone\u00a0\u00bb row_border_radius_applies=\u00a0\u00bbbg\u00a0\u00bb overflow=\u00a0\u00bbvisible\u00a0\u00bb overlay_strength=\u00a0\u00bb0.3&Prime; gradient_direction=\u00a0\u00bbleft_to_right\u00a0\u00bb shape_divider_position=\u00a0\u00bbbottom\u00a0\u00bb bg_image_animation=\u00a0\u00bbnone\u00a0\u00bb shape_type=\u00a0\u00bb\u00a0\u00bb][vc_column column_padding=\u00a0\u00bbno-extra-padding\u00a0\u00bb column_padding_tablet=\u00a0\u00bbinherit\u00a0\u00bb column_padding_phone=\u00a0\u00bbinherit\u00a0\u00bb column_padding_position=\u00a0\u00bball\u00a0\u00bb left_margin=\u00a0\u00bbauto\u00a0\u00bb constrain_group_2=\u00a0\u00bbyes\u00a0\u00bb right_margin=\u00a0\u00bbauto\u00a0\u00bb column_element_direction_desktop=\u00a0\u00bbdefault\u00a0\u00bb column_element_spacing=\u00a0\u00bbdefault\u00a0\u00bb desktop_text_alignment=\u00a0\u00bbdefault\u00a0\u00bb tablet_text_alignment=\u00a0\u00bbdefault\u00a0\u00bb phone_text_alignment=\u00a0\u00bbdefault\u00a0\u00bb background_color_opacity=\u00a0\u00bb1&Prime; background_hover_color_opacity=\u00a0\u00bb1&Prime; column_backdrop_filter=\u00a0\u00bbnone\u00a0\u00bb column_shadow=\u00a0\u00bbnone\u00a0\u00bb column_border_radius=\u00a0\u00bbnone\u00a0\u00bb column_link_target=\u00a0\u00bb_self\u00a0\u00bb max_width_desktop=\u00a0\u00bb720&Prime; column_position=\u00a0\u00bbdefault\u00a0\u00bb advanced_gradient_angle=\u00a0\u00bb0&Prime; gradient_direction=\u00a0\u00bbleft_to_right\u00a0\u00bb overlay_strength=\u00a0\u00bb0.3&Prime; width=\u00a0\u00bb1\/1&Prime; tablet_width_inherit=\u00a0\u00bbdefault\u00a0\u00bb animation_type=\u00a0\u00bbdefault\u00a0\u00bb bg_image_animation=\u00a0\u00bbnone\u00a0\u00bb border_type=\u00a0\u00bbsimple\u00a0\u00bb column_border_width=\u00a0\u00bbnone\u00a0\u00bb column_border_style=\u00a0\u00bbsolid\u00a0\u00bb gradient_type=\u00a0\u00bbdefault\u00a0\u00bb][vc_row_inner column_margin=\u00a0\u00bbdefault\u00a0\u00bb column_direction=\u00a0\u00bbdefault\u00a0\u00bb column_direction_tablet=\u00a0\u00bbdefault\u00a0\u00bb column_direction_phone=\u00a0\u00bbdefault\u00a0\u00bb text_align=\u00a0\u00bbleft\u00a0\u00bb row_position=\u00a0\u00bbdefault\u00a0\u00bb row_position_tablet=\u00a0\u00bbinherit\u00a0\u00bb row_position_phone=\u00a0\u00bbinherit\u00a0\u00bb overflow=\u00a0\u00bbvisible\u00a0\u00bb pointer_events=\u00a0\u00bball\u00a0\u00bb][vc_column_inner column_padding=\u00a0\u00bbno-extra-padding\u00a0\u00bb column_padding_tablet=\u00a0\u00bbinherit\u00a0\u00bb column_padding_phone=\u00a0\u00bbinherit\u00a0\u00bb column_padding_position=\u00a0\u00bball\u00a0\u00bb column_element_direction_desktop=\u00a0\u00bbdefault\u00a0\u00bb column_element_spacing=\u00a0\u00bbdefault\u00a0\u00bb desktop_text_alignment=\u00a0\u00bbdefault\u00a0\u00bb tablet_text_alignment=\u00a0\u00bbdefault\u00a0\u00bb phone_text_alignment=\u00a0\u00bbdefault\u00a0\u00bb background_color_opacity=\u00a0\u00bb1&Prime; background_hover_color_opacity=\u00a0\u00bb1&Prime; column_backdrop_filter=\u00a0\u00bbnone\u00a0\u00bb column_shadow=\u00a0\u00bbnone\u00a0\u00bb column_border_radius=\u00a0\u00bbnone\u00a0\u00bb column_link_target=\u00a0\u00bb_self\u00a0\u00bb overflow=\u00a0\u00bbvisible\u00a0\u00bb gradient_direction=\u00a0\u00bbleft_to_right\u00a0\u00bb overlay_strength=\u00a0\u00bb0.3&Prime; width=\u00a0\u00bb1\/1&Prime; tablet_width_inherit=\u00a0\u00bbdefault\u00a0\u00bb animation_type=\u00a0\u00bbdefault\u00a0\u00bb bg_image_animation=\u00a0\u00bbnone\u00a0\u00bb border_type=\u00a0\u00bbsimple\u00a0\u00bb column_border_width=\u00a0\u00bbnone\u00a0\u00bb column_border_style=\u00a0\u00bbsolid\u00a0\u00bb][split_line_heading animation_type=\u00a0\u00bbdefault\u00a0\u00bb]\n<h1>Politique de confidentialit\u00e9<\/h1>\n[\/split_line_heading][\/vc_column_inner][\/vc_row_inner][vc_row_inner column_margin=\u00a0\u00bbdefault\u00a0\u00bb column_direction=\u00a0\u00bbdefault\u00a0\u00bb column_direction_tablet=\u00a0\u00bbdefault\u00a0\u00bb column_direction_phone=\u00a0\u00bbdefault\u00a0\u00bb text_align=\u00a0\u00bbleft\u00a0\u00bb row_position=\u00a0\u00bbdefault\u00a0\u00bb row_position_tablet=\u00a0\u00bbinherit\u00a0\u00bb row_position_phone=\u00a0\u00bbinherit\u00a0\u00bb overflow=\u00a0\u00bbvisible\u00a0\u00bb pointer_events=\u00a0\u00bball\u00a0\u00bb][vc_column_inner column_padding=\u00a0\u00bbno-extra-padding\u00a0\u00bb column_padding_tablet=\u00a0\u00bbinherit\u00a0\u00bb column_padding_phone=\u00a0\u00bbinherit\u00a0\u00bb column_padding_position=\u00a0\u00bball\u00a0\u00bb column_element_direction_desktop=\u00a0\u00bbdefault\u00a0\u00bb column_element_spacing=\u00a0\u00bbdefault\u00a0\u00bb desktop_text_alignment=\u00a0\u00bbdefault\u00a0\u00bb tablet_text_alignment=\u00a0\u00bbdefault\u00a0\u00bb phone_text_alignment=\u00a0\u00bbdefault\u00a0\u00bb background_color_opacity=\u00a0\u00bb1&Prime; background_hover_color_opacity=\u00a0\u00bb1&Prime; column_backdrop_filter=\u00a0\u00bbnone\u00a0\u00bb column_shadow=\u00a0\u00bbnone\u00a0\u00bb column_border_radius=\u00a0\u00bbnone\u00a0\u00bb column_link_target=\u00a0\u00bb_self\u00a0\u00bb overflow=\u00a0\u00bbvisible\u00a0\u00bb gradient_direction=\u00a0\u00bbleft_to_right\u00a0\u00bb overlay_strength=\u00a0\u00bb0.3&Prime; width=\u00a0\u00bb1\/1&Prime; tablet_width_inherit=\u00a0\u00bbdefault\u00a0\u00bb animation_type=\u00a0\u00bbdefault\u00a0\u00bb bg_image_animation=\u00a0\u00bbnone\u00a0\u00bb border_type=\u00a0\u00bbsimple\u00a0\u00bb column_border_width=\u00a0\u00bbnone\u00a0\u00bb column_border_style=\u00a0\u00bbsolid\u00a0\u00bb][vc_column_text css_animation=\u00a0\u00bbnone\u00a0\u00bb]\n<h4>Protection des donn\u00e9es personnelles selon le RGPD<\/h4>\n<p>Startul, S.L., en application de la l\u00e9gislation en vigueur sur la protection des donn\u00e9es personnelles, informe que les donn\u00e9es personnelles collect\u00e9es \u00e0 travers les formulaires du site web : www.palindromo.com, sont incluses dans les fichiers automatis\u00e9s sp\u00e9cifiques des utilisateurs des services de Startul, S.L.<\/p>\n<p>Le but de la collecte et du traitement automatis\u00e9 des donn\u00e9es personnelles est de maintenir la relation commerciale et l\u2019ex\u00e9cution des t\u00e2ches d\u2019information, de formation, de conseil et d\u2019autres activit\u00e9s de Startul, S.L.<\/p>\n<p>Ces donn\u00e9es ne seront transf\u00e9r\u00e9es qu\u2019aux entit\u00e9s qui sont n\u00e9cessaires dans le seul but de se conformer \u00e0 la finalit\u00e9 susmentionn\u00e9e.<\/p>\n<p>Startul, S.L. adopte les mesures n\u00e9cessaires pour garantir la s\u00e9curit\u00e9, l\u2019int\u00e9grit\u00e9 et la confidentialit\u00e9 des donn\u00e9es conform\u00e9ment aux dispositions du R\u00e8glement (UE) 2016\/679 du Parlement europ\u00e9en et du Conseil, du 27 avril 2016, relatif \u00e0 la protection des personnes physiques \u00e0 l\u2019\u00e9gard du traitement des donn\u00e9es \u00e0 caract\u00e8re personnel et \u00e0 la libre circulation de ces donn\u00e9es, et abrogeant l\u2019ancienne LOPD, la nouvelle loi organique 3\/2018, du 5 d\u00e9cembre, sur la protection des donn\u00e9es et la garantie des droits num\u00e9riques (LOPDGDD).<\/p>\n<p>L\u2019utilisateur peut \u00e0 tout moment exercer les droits d\u2019acc\u00e8s, d\u2019opposition, de rectification, d\u2019annulation, de limitation et de portabilit\u00e9 reconnus dans le r\u00e8glement (UE) susmentionn\u00e9. L\u2019utilisateur peut exercer ces droits en envoyant un courrier \u00e9lectronique \u00e0 : info@palindromo.com ou \u00e0 l\u2019adresse suivante : Pablo Iglesias, 63 &#8211; Planta 1 &#8211; Oficina 8 (Edificio De Vidrio), C.P. 08302 &#8211; Matar\u00f3 (Barcelona).<\/p>\n<p>L\u2019utilisateur d\u00e9clare que toutes les donn\u00e9es fournies par lui sont vraies et correctes, et s\u2019engage \u00e0 les maintenir \u00e0 jour, en communiquant tout changement \u00e0 Startul, S.L.<\/p>\n<h4>Finalit\u00e9 du traitement des donn\u00e9es personnelles :<\/h4>\n<p><strong>Dans quel but traiterons-nous vos donn\u00e9es personnelles ?<\/strong><\/p>\n<p>Chez Startul, S.L., nous traiterons vos donn\u00e9es personnelles collect\u00e9es sur le site web : www.palindromo.com, aux fins suivantes :<\/p>\n<ol>\n<li>Respecter les obligations commerciales, de travail, d\u2019entreprise et de comptabilit\u00e9 de la soci\u00e9t\u00e9.<\/li>\n<li>Fournir ses services en fonction des besoins particuliers des clients, afin d\u2019ex\u00e9cuter les contrats sign\u00e9s par la soci\u00e9t\u00e9.<\/li>\n<li>Envoyer des informations commerciales et des bulletins d\u2019information sur les nouveaux services propos\u00e9s sur le site web et dans le secteur.<\/li>\n<li>Respecter les processus internes de l\u2019entreprise concernant l\u2019administration des fournisseurs et des entrepreneurs.<\/li>\n<li>Le processus d\u2019archivage, la mise \u00e0 jour des syst\u00e8mes, la protection et la garde des informations et des bases de donn\u00e9es de l\u2019entreprise.<\/li>\n<li>Ex\u00e9cuter un contrat sign\u00e9 \u00e0 distance avec l\u2019utilisateur.<\/li>\n<li>Fournir les services contract\u00e9s par l\u2019utilisateur.<\/li>\n<li>Envoyer des informations promotionnelles par voie \u00e9lectronique.<\/li>\n<li>Fournir les informations demand\u00e9es par l\u2019utilisateur par le biais du formulaire de contact.<\/li>\n<\/ol>\n<p>Nous vous rappelons que vous pouvez vous opposer \u00e0 l\u2019envoi de communications commerciales par tout moyen et \u00e0 tout moment en envoyant un courrier \u00e9lectronique \u00e0 l\u2019adresse indiqu\u00e9e ci-dessus.<\/p>\n<p>Les champs de ces enregistrements doivent \u00eatre remplis et il est impossible d\u2019atteindre les objectifs exprim\u00e9s si ces donn\u00e9es ne sont pas fournies.<\/p>\n<p><strong>Pendant combien de temps les donn\u00e9es personnelles collect\u00e9es seront-elles conserv\u00e9es ?<\/strong><\/p>\n<p>Les donn\u00e9es personnelles fournies seront conserv\u00e9es tant que la relation commerciale sera maintenue ou que vous n\u2019en demanderez pas la suppression et pendant la p\u00e9riode pendant laquelle des responsabilit\u00e9s l\u00e9gales peuvent d\u00e9couler des services fournis.<\/p>\n<h4>L\u00e9gitimation :<\/h4>\n<p>Le traitement de vos donn\u00e9es est effectu\u00e9 sur les bases l\u00e9gales suivantes qui le l\u00e9gitiment :<\/p>\n<ol>\n<li>La demande d\u2019information et\/ou de services de Startul, S.L., dont les conditions g\u00e9n\u00e9rales seront mises \u00e0 votre disposition dans tous les cas, avant tout engagement \u00e9ventuel.<\/li>\n<li>Le consentement libre, sp\u00e9cifique, \u00e9clair\u00e9 et sans \u00e9quivoque, dans la mesure o\u00f9 nous vous informons en mettant \u00e0 votre disposition cette politique de confidentialit\u00e9, qu\u2019apr\u00e8s l\u2019avoir lue, si vous \u00eates d\u2019accord, vous pouvez accepter au moyen d\u2019une d\u00e9claration ou d\u2019une action affirmative claire, comme cocher une case pr\u00e9vue \u00e0 cet effet.<\/li>\n<\/ol>\n<p>Si vous ne nous fournissez pas vos donn\u00e9es ou si vous les fournissez de mani\u00e8re incorrecte ou incompl\u00e8te, nous ne pourrons pas donner suite \u00e0 votre demande, ce qui rendra totalement impossible la fourniture des informations demand\u00e9es ou l\u2019ex\u00e9cution du contrat de services.<\/p>\n<h4>Destinataires :<\/h4>\n<p>Les donn\u00e9es ne seront pas communiqu\u00e9es \u00e0 des tiers en dehors de Startul, S.L., sauf en cas d\u2019obligation l\u00e9gale.<\/p>\n<h4>Donn\u00e9es collect\u00e9es par les utilisateurs des services<\/h4>\n<p>Dans les cas o\u00f9 l\u2019utilisateur inclurait des fichiers avec des donn\u00e9es personnelles dans les serveurs d\u2019h\u00e9bergement partag\u00e9, Startul, S.L. ne sera pas responsable du non-respect par l\u2019utilisateur du RGPD.<\/p>\n<h4>Droits de propri\u00e9t\u00e9 intellectuelle www.palindromo.com<\/h4>\n<p>Startul, S.L. est titulaire de tous les droits d\u2019auteur, de propri\u00e9t\u00e9 intellectuelle et industrielle, de savoir-faire et de tout autre droit li\u00e9 au contenu du site web www.palindromo.com et aux services qui y sont propos\u00e9s, ainsi qu\u2019aux programmes n\u00e9cessaires \u00e0 leur mise en \u0153uvre et \u00e0 l\u2019information y aff\u00e9rente.<\/p>\n<p>La reproduction, la publication et\/ou l\u2019utilisation autre que strictement priv\u00e9e du contenu, en tout ou en partie, du site web www.palindromo.com n\u2019est pas autoris\u00e9e sans accord \u00e9crit pr\u00e9alable.<\/p>\n<h4>Propri\u00e9t\u00e9 intellectuelle des logiciels<\/h4>\n<p>L\u2019utilisateur doit respecter les programmes de tiers mis \u00e0 disposition par Startul, S.L., m\u00eame s\u2019ils sont gratuits et\/ou accessibles au public.<\/p>\n<p>Startul, S.L. poss\u00e8de les droits d\u2019exploitation et de propri\u00e9t\u00e9 intellectuelle n\u00e9cessaires du logiciel.<\/p>\n<p>L\u2019utilisateur n\u2019acquiert aucun droit ou licence sur le service contract\u00e9, sur le logiciel n\u00e9cessaire \u00e0 la fourniture du service, ni sur l\u2019information technique pour le contr\u00f4le du service, \u00e0 l\u2019exception des droits et licences n\u00e9cessaires \u00e0 l\u2019accomplissement des services contract\u00e9s et seulement pour la dur\u00e9e de ceux-ci.<\/p>\n<p>Pour toute action qui exc\u00e8de l\u2019ex\u00e9cution du contrat, l\u2019utilisateur aura besoin d\u2019une autorisation \u00e9crite de Startul, S.L., et il est interdit \u00e0 l\u2019utilisateur d\u2019acc\u00e9der, modifier, voir la configuration, la structure et les fichiers des serveurs appartenant \u00e0 Startul, S.L., en assumant la responsabilit\u00e9 civile et p\u00e9nale d\u00e9riv\u00e9e de tout incident qui pourrait se produire dans les serveurs et les syst\u00e8mes de s\u00e9curit\u00e9 comme cons\u00e9quence directe d\u2019une action n\u00e9gligente ou malveillante de sa part.<\/p>\n<h4>Propri\u00e9t\u00e9 intellectuelle des contenus h\u00e9berg\u00e9s<\/h4>\n<p>L\u2019utilisation contraire \u00e0 la l\u00e9gislation sur la propri\u00e9t\u00e9 intellectuelle des services fournis par Startul, S.L. est interdite, et, en particulier :<\/p>\n<ol>\n<li>L\u2019utilisation contraire \u00e0 la loi espagnole ou qui porte atteinte aux droits de tiers.<\/li>\n<li>La publication ou la transmission de tout contenu qui, de l\u2019avis de Startul, S.L., est violent, obsc\u00e8ne, abusif, ill\u00e9gal, racial, x\u00e9nophobe ou diffamatoire.<\/li>\n<li>Cracks, num\u00e9ros de s\u00e9rie de programmes ou tout autre contenu qui enfreint les droits de propri\u00e9t\u00e9 intellectuelle de tiers.<\/li>\n<li>La collecte et\/ou l\u2019utilisation de donn\u00e9es personnelles d\u2019autres utilisateurs sans leur consentement expr\u00e8s ou en contravention avec les dispositions du r\u00e8glement (UE) 2016\/679 du Parlement europ\u00e9en et du Conseil, du 27 avril 2016, relatif \u00e0 la protection des personnes physiques \u00e0 l\u2019\u00e9gard du traitement des donn\u00e9es \u00e0 caract\u00e8re personnel et \u00e0 la libre circulation de ces donn\u00e9es.<\/li>\n<li>L\u2019utilisation du serveur de messagerie et des adresses \u00e9lectroniques du domaine pour l\u2019envoi de courriers \u00e9lectroniques en masse non sollicit\u00e9s.<\/li>\n<\/ol>\n<p>L\u2019utilisateur est enti\u00e8rement responsable du contenu de son site web, des informations transmises et stock\u00e9es, des liens hypertextes, des r\u00e9clamations de tiers et des actions en justice relatives \u00e0 la propri\u00e9t\u00e9 intellectuelle, aux droits des tiers et \u00e0 la protection des mineurs.<\/p>\n<p>L\u2019utilisateur est responsable du respect des lois et r\u00e8glements en vigueur et des r\u00e8gles concernant l\u2019exploitation du service en ligne, le commerce \u00e9lectronique, les droits d\u2019auteur, le maintien de l\u2019ordre public, ainsi que les principes universels d\u2019utilisation de l\u2019Internet.<\/p>\n<p>L\u2019utilisateur indemnisera Startul, S.L. pour les frais encourus par Startul, S.L. dans tous les cas o\u00f9 la responsabilit\u00e9 de l\u2019utilisateur pourrait \u00eatre engag\u00e9e, y compris les frais et honoraires d\u2019avocat, m\u00eame en cas de d\u00e9cision judiciaire non d\u00e9finitive.<\/p>\n<h4>Protection des informations h\u00e9berg\u00e9es<\/h4>\n<p>Startul, S.L. effectue des copies de sauvegarde des contenus h\u00e9berg\u00e9s sur ses serveurs, mais n\u2019accepte aucune responsabilit\u00e9 pour la perte accidentelle ou l\u2019effacement des donn\u00e9es par les utilisateurs. De m\u00eame, elle ne garantit pas le remplacement total des donn\u00e9es supprim\u00e9es par les utilisateurs, car ces donn\u00e9es peuvent avoir \u00e9t\u00e9 supprim\u00e9es et\/ou modifi\u00e9es pendant la p\u00e9riode qui s\u2019est \u00e9coul\u00e9e depuis la derni\u00e8re copie de sauvegarde.<\/p>\n<p>Les services offerts, sauf les services sp\u00e9cifiques de backup, n\u2019incluent pas le remplacement du contenu conserv\u00e9 dans les copies de sauvegarde effectu\u00e9es par Startul, S.L., lorsque cette perte est imputable \u00e0 l\u2019utilisateur ; dans ce cas, un tarif sera d\u00e9termin\u00e9 en fonction de la complexit\u00e9 et du volume de la r\u00e9cup\u00e9ration, toujours avec l\u2019acceptation pr\u00e9alable de l\u2019utilisateur.<\/p>\n<p>Le remplacement des donn\u00e9es effac\u00e9es n\u2019est inclus dans le prix du service que lorsque la perte du contenu est due \u00e0 des causes imputables \u00e0 Startul, S.L.<\/p>\n<h4>Communications commerciales<\/h4>\n<p>En application de la LSSI, Startul, S.L. n\u2019enverra pas de communications publicitaires ou promotionnelles par e-mail ou tout autre moyen \u00e9quivalent de communication \u00e9lectronique qui n\u2019ont pas \u00e9t\u00e9 pr\u00e9alablement demand\u00e9es ou express\u00e9ment autoris\u00e9es par les destinataires.<\/p>\n<p>Dans le cas d\u2019utilisateurs avec lesquels il existe une relation contractuelle ant\u00e9rieure, Startul, S.L. est autoris\u00e9 \u00e0 envoyer des communications commerciales se r\u00e9f\u00e9rant aux produits ou services de Startul, S.L. qui sont similaires \u00e0 ceux qui ont \u00e9t\u00e9 initialement contract\u00e9s avec le client.<\/p>\n<p>Dans tous les cas, l\u2019utilisateur, apr\u00e8s avoir prouv\u00e9 son identit\u00e9, peut demander qu\u2019aucune autre information commerciale ne lui soit envoy\u00e9e par l\u2019interm\u00e9diaire des canaux du Service Client.[\/vc_column_text][\/vc_column_inner][\/vc_row_inner][\/vc_column][\/vc_row]\n","protected":false},"excerpt":{"rendered":"<p>[vc_row type=\u00a0\u00bbin_container\u00a0\u00bb full_screen_row_position=\u00a0\u00bbmiddle\u00a0\u00bb column_margin=\u00a0\u00bbdefault\u00a0\u00bb column_direction=\u00a0\u00bbdefault\u00a0\u00bb column_direction_tablet=\u00a0\u00bbdefault\u00a0\u00bb column_direction_phone=\u00a0\u00bbdefault\u00a0\u00bb scene_position=\u00a0\u00bbcenter\u00a0\u00bb top_padding=\u00a0\u00bb120&Prime; bottom_padding=\u00a0\u00bb8%\u00a0\u00bb top_padding_tablet=\u00a0\u00bb50&Prime; top_padding_phone=\u00a0\u00bb35&Prime; text_color=\u00a0\u00bbdark\u00a0\u00bb text_align=\u00a0\u00bbleft\u00a0\u00bb row_border_radius=\u00a0\u00bbnone\u00a0\u00bb row_border_radius_applies=\u00a0\u00bbbg\u00a0\u00bb overflow=\u00a0\u00bbvisible\u00a0\u00bb overlay_strength=\u00a0\u00bb0.3&Prime; gradient_direction=\u00a0\u00bbleft_to_right\u00a0\u00bb shape_divider_position=\u00a0\u00bbbottom\u00a0\u00bb bg_image_animation=\u00a0\u00bbnone\u00a0\u00bb shape_type=\u00a0\u00bb\u00a0\u00bb][vc_column column_padding=\u00a0\u00bbno-extra-padding\u00a0\u00bb column_padding_tablet=\u00a0\u00bbinherit\u00a0\u00bb column_padding_phone=\u00a0\u00bbinherit\u00a0\u00bb column_padding_position=\u00a0\u00bball\u00a0\u00bb left_margin=\u00a0\u00bbauto\u00a0\u00bb constrain_group_2=\u00a0\u00bbyes\u00a0\u00bb right_margin=\u00a0\u00bbauto\u00a0\u00bb column_element_direction_desktop=\u00a0\u00bbdefault\u00a0\u00bb&#8230;<\/p>\n","protected":false},"author":1,"featured_media":0,"parent":0,"menu_order":0,"comment_status":"closed","ping_status":"open","template":"","meta":{"footnotes":""},"class_list":["post-612","page","type-page","status-publish"],"_links":{"self":[{"href":"https:\/\/palindromo.com\/fr\/wp-json\/wp\/v2\/pages\/612","targetHints":{"allow":["GET"]}}],"collection":[{"href":"https:\/\/palindromo.com\/fr\/wp-json\/wp\/v2\/pages"}],"about":[{"href":"https:\/\/palindromo.com\/fr\/wp-json\/wp\/v2\/types\/page"}],"author":[{"embeddable":true,"href":"https:\/\/palindromo.com\/fr\/wp-json\/wp\/v2\/users\/1"}],"replies":[{"embeddable":true,"href":"https:\/\/palindromo.com\/fr\/wp-json\/wp\/v2\/comments?post=612"}],"version-history":[{"count":2,"href":"https:\/\/palindromo.com\/fr\/wp-json\/wp\/v2\/pages\/612\/revisions"}],"predecessor-version":[{"id":614,"href":"https:\/\/palindromo.com\/fr\/wp-json\/wp\/v2\/pages\/612\/revisions\/614"}],"wp:attachment":[{"href":"https:\/\/palindromo.com\/fr\/wp-json\/wp\/v2\/media?parent=612"}],"curies":[{"name":"wp","href":"https:\/\/api.w.org\/{rel}","templated":true}]}}