{"id":529,"date":"2023-11-20T11:11:13","date_gmt":"2023-11-20T10:11:13","guid":{"rendered":"https:\/\/palindromo.com\/politica-de-privacitat\/"},"modified":"2024-04-17T11:29:52","modified_gmt":"2024-04-17T09:29:52","slug":"politica-de-privacitat","status":"publish","type":"page","link":"https:\/\/palindromo.com\/ca\/politica-de-privacitat\/","title":{"rendered":"Pol\u00edtica de Privacitat"},"content":{"rendered":"[vc_row type=&#8221;in_container&#8221; full_screen_row_position=&#8221;middle&#8221; column_margin=&#8221;default&#8221; column_direction=&#8221;default&#8221; column_direction_tablet=&#8221;default&#8221; column_direction_phone=&#8221;default&#8221; scene_position=&#8221;center&#8221; top_padding=&#8221;120&#8243; bottom_padding=&#8221;8%&#8221; top_padding_tablet=&#8221;50&#8243; top_padding_phone=&#8221;35&#8243; text_color=&#8221;dark&#8221; text_align=&#8221;left&#8221; row_border_radius=&#8221;none&#8221; row_border_radius_applies=&#8221;bg&#8221; overflow=&#8221;visible&#8221; overlay_strength=&#8221;0.3&#8243; gradient_direction=&#8221;left_to_right&#8221; shape_divider_position=&#8221;bottom&#8221; bg_image_animation=&#8221;none&#8221; shape_type=&#8221;&#8221;][vc_column column_padding=&#8221;no-extra-padding&#8221; column_padding_tablet=&#8221;inherit&#8221; column_padding_phone=&#8221;inherit&#8221; column_padding_position=&#8221;all&#8221; left_margin=&#8221;auto&#8221; constrain_group_2=&#8221;yes&#8221; right_margin=&#8221;auto&#8221; column_element_direction_desktop=&#8221;default&#8221; column_element_spacing=&#8221;default&#8221; desktop_text_alignment=&#8221;default&#8221; tablet_text_alignment=&#8221;default&#8221; phone_text_alignment=&#8221;default&#8221; background_color_opacity=&#8221;1&#8243; background_hover_color_opacity=&#8221;1&#8243; column_backdrop_filter=&#8221;none&#8221; column_shadow=&#8221;none&#8221; column_border_radius=&#8221;none&#8221; column_link_target=&#8221;_self&#8221; max_width_desktop=&#8221;720&#8243; column_position=&#8221;default&#8221; advanced_gradient_angle=&#8221;0&#8243; gradient_direction=&#8221;left_to_right&#8221; overlay_strength=&#8221;0.3&#8243; width=&#8221;1\/1&#8243; tablet_width_inherit=&#8221;default&#8221; animation_type=&#8221;default&#8221; bg_image_animation=&#8221;none&#8221; border_type=&#8221;simple&#8221; column_border_width=&#8221;none&#8221; column_border_style=&#8221;solid&#8221; gradient_type=&#8221;default&#8221;][vc_row_inner column_margin=&#8221;default&#8221; column_direction=&#8221;default&#8221; column_direction_tablet=&#8221;default&#8221; column_direction_phone=&#8221;default&#8221; text_align=&#8221;left&#8221; row_position=&#8221;default&#8221; row_position_tablet=&#8221;inherit&#8221; row_position_phone=&#8221;inherit&#8221; overflow=&#8221;visible&#8221; pointer_events=&#8221;all&#8221;][vc_column_inner column_padding=&#8221;no-extra-padding&#8221; column_padding_tablet=&#8221;inherit&#8221; column_padding_phone=&#8221;inherit&#8221; column_padding_position=&#8221;all&#8221; column_element_direction_desktop=&#8221;default&#8221; column_element_spacing=&#8221;default&#8221; desktop_text_alignment=&#8221;default&#8221; tablet_text_alignment=&#8221;default&#8221; phone_text_alignment=&#8221;default&#8221; background_color_opacity=&#8221;1&#8243; background_hover_color_opacity=&#8221;1&#8243; column_backdrop_filter=&#8221;none&#8221; column_shadow=&#8221;none&#8221; column_border_radius=&#8221;none&#8221; column_link_target=&#8221;_self&#8221; overflow=&#8221;visible&#8221; gradient_direction=&#8221;left_to_right&#8221; overlay_strength=&#8221;0.3&#8243; width=&#8221;1\/1&#8243; tablet_width_inherit=&#8221;default&#8221; animation_type=&#8221;default&#8221; bg_image_animation=&#8221;none&#8221; border_type=&#8221;simple&#8221; column_border_width=&#8221;none&#8221; column_border_style=&#8221;solid&#8221;][split_line_heading animation_type=&#8221;default&#8221;]\n<h1>Pol\u00edtica de Privacitat<\/h1>\n[\/split_line_heading][\/vc_column_inner][\/vc_row_inner][vc_row_inner column_margin=&#8221;default&#8221; column_direction=&#8221;default&#8221; column_direction_tablet=&#8221;default&#8221; column_direction_phone=&#8221;default&#8221; text_align=&#8221;left&#8221; row_position=&#8221;default&#8221; row_position_tablet=&#8221;inherit&#8221; row_position_phone=&#8221;inherit&#8221; overflow=&#8221;visible&#8221; pointer_events=&#8221;all&#8221;][vc_column_inner column_padding=&#8221;no-extra-padding&#8221; column_padding_tablet=&#8221;inherit&#8221; column_padding_phone=&#8221;inherit&#8221; column_padding_position=&#8221;all&#8221; column_element_direction_desktop=&#8221;default&#8221; column_element_spacing=&#8221;default&#8221; desktop_text_alignment=&#8221;default&#8221; tablet_text_alignment=&#8221;default&#8221; phone_text_alignment=&#8221;default&#8221; background_color_opacity=&#8221;1&#8243; background_hover_color_opacity=&#8221;1&#8243; column_backdrop_filter=&#8221;none&#8221; column_shadow=&#8221;none&#8221; column_border_radius=&#8221;none&#8221; column_link_target=&#8221;_self&#8221; overflow=&#8221;visible&#8221; gradient_direction=&#8221;left_to_right&#8221; overlay_strength=&#8221;0.3&#8243; width=&#8221;1\/1&#8243; tablet_width_inherit=&#8221;default&#8221; animation_type=&#8221;default&#8221; bg_image_animation=&#8221;none&#8221; border_type=&#8221;simple&#8221; column_border_width=&#8221;none&#8221; column_border_style=&#8221;solid&#8221;][vc_column_text css_animation=&#8221;none&#8221;]\n<h4>RGPDProtecci\u00f3 de dades de car\u00e0cter personal segons el RGPD<\/h4>\n<p>Startul, S.L., en aplicaci\u00f3 de la normativa vigent en mat\u00e8ria de protecci\u00f3 de dades de car\u00e0cter personal, informa que les dades personals que es recullen a trav\u00e9s dels formularis del lloc web www.palindromo.com s\u2019inclouen en els fitxers automatitzats espec\u00edfics d\u2019usuaris dels serveis de Startul, S.L.<\/p>\n<p>La recollida i el tractament automatitzat de les dades de car\u00e0cter personal t\u00e9 com a finalitat el manteniment de la relaci\u00f3 comercial i l\u2019acompliment de tasques d\u2019informaci\u00f3, formaci\u00f3, assessorament i altres activitats pr\u00f2pies de Startul, S.L.<\/p>\n<p>Aquestes dades \u00fanicament se cediran a aquelles entitats que siguin necess\u00e0ries amb l\u2019\u00fanic objectiu de donar compliment a la finalitat anteriorment exposada.<\/p>\n<p>Startul, S.L. adopta les mesures necess\u00e0ries per garantir la seguretat, la integritat i la confidencialitat de les dades d\u2019acord amb el que disposa el Reglament (UE) 2016\/679 del Parlament Europeu i del Consell, de 27 d\u2019abril de 2016, relatiu a la protecci\u00f3 de les persones f\u00edsiques pel que fa al tractament de dades personals i a la seva lliure circulaci\u00f3, i derogant l\u2019antiga LOPD, la nova Llei org\u00e0nica 3\/2018, de 5 de desembre, de protecci\u00f3 de dades personals i garantia dels drets digitals (LOPDGDD).<\/p>\n<p>L\u2019usuari podr\u00e0 exercir en qualsevol moment els drets d\u2019acc\u00e9s, oposici\u00f3, rectificaci\u00f3, cancel\u00b7laci\u00f3, limitaci\u00f3 i portabilitat reconeguts a l\u2019esmentat Reglament (UE). L\u2019exercici d\u2019aquests drets el pot dur a terme el mateix usuari mitjan\u00e7ant un correu electr\u00f2nic a info@palindromo.com o a l\u2019adre\u00e7a: Pablo Iglesias, 63 \u2013 Planta 1 \u2013 Oficina 8 (Edifici de Vidre), CP 08302 \u2013 Matar\u00f3 (Barcelona).<\/p>\n<p>L\u2019usuari manifesta que totes les dades que ha facilitat s\u00f3n certes i correctes, i es compromet a mantenir-les actualitzades i a comunicar qualsevol canvi a Startul, S.L.<\/p>\n<h4>Finalitat del tractament de les dades personals:<\/h4>\n<p><strong>Amb quina finalitat tractarem les teves dades personals?<\/strong><\/p>\n<p>A Startul, S.L., tractarem les teves dades personals obtingudes a trav\u00e9s del lloc web www.palindromo.com amb les finalitats seg\u00fcents:<\/p>\n<ol>\n<li>Donar compliment de les obligacions comercials, laborals, corporatives i comptables de l\u2019empresa.<\/li>\n<li>Prestar els serveis d\u2019acord amb les necessitats particulars dels clients, per tal de complir els contractes subscrits per Startul, S.L.<\/li>\n<li>Enviament d\u2019informaci\u00f3 comercial i butlletins sobre nous serveis oferts a la p\u00e0gina web i del sector.<\/li>\n<li>Complir amb els processos interns de l\u2019empresa en mat\u00e8ria d\u2019administraci\u00f3 de prove\u00efdors i contractistes.<\/li>\n<li>El proc\u00e9s d\u2019arxiu, d\u2019actualitzaci\u00f3 dels sistemes, de protecci\u00f3 i cust\u00f2dia d\u2019informaci\u00f3 i bases de dades de l\u2019empresa.<\/li>\n<li>Executar un contracte subscrit a dist\u00e0ncia amb l\u2019usuari.<\/li>\n<li>Prestar els serveis contractats per l\u2019usuari.<\/li>\n<li>Enviar informaci\u00f3 promocional via electr\u00f2nica.<\/li>\n<li>Facilitar la informaci\u00f3 sol\u00b7licitada per l\u2019usuari a trav\u00e9s del formulari de contacte.<\/li>\n<\/ol>\n<p>Et recordem que pots oposar-te a l\u2019enviament de comunicacions comercials per qualsevol via i en qualsevol moment, enviant un correu electr\u00f2nic a l\u2019adre\u00e7a indicada anteriorment.<\/p>\n<p>Els camps d\u2019aquests registres s\u2019han d\u2019emplenar obligat\u00f2riament. \u00c9s impossible dur a terme les finalitats expressades si no s\u2019aporten aquestes dades.<\/p>\n<p><strong>Quant de temps es conserven les dades personals recollides?<\/strong><\/p>\n<p>Les dades personals proporcionades es conservaran mentre es mantingui la relaci\u00f3 comercial o no se\u2019n sol\u00b7liciti la supressi\u00f3 i durant el termini pel qual es puguin derivar responsabilitats legals pels serveis prestats.<\/p>\n<h4>Legitimaci\u00f3:<\/h4>\n<p>El tractament de les teves dades es realitza amb les seg\u00fcents bases jur\u00eddiques que el legitimen:<\/p>\n<ol>\n<li>La sol\u00b7licitud d\u2019informaci\u00f3 i\/o la contractaci\u00f3 dels serveis de Startul, S.L., els termes i les condicions dels quals es posaran a la teva disposici\u00f3 en tot cas, de forma pr\u00e8via a una eventual contractaci\u00f3.<\/li>\n<li>El consentiment lliure, espec\u00edfic, informat i inequ\u00edvoc, en la mesura que te n\u2019informem posant a la teva disposici\u00f3 aquesta pol\u00edtica de privacitat, la qual despr\u00e9s de llegir-la, en cas d\u2019estar-hi conforme, pots acceptar mitjan\u00e7ant una declaraci\u00f3 o una clara acci\u00f3 afirmativa, com marcar una casella disposada a l\u2019efecte.<\/li>\n<\/ol>\n<p>En cas que no ens facilitis les teves dades o ho facis de manera err\u00f2nia o incompleta, no podrem atendre la teva sol\u00b7licitud. Aix\u00ed, doncs, ser\u00e0 del tot impossible proporcionar la informaci\u00f3 sol\u00b7licitada o dur a terme la contractaci\u00f3 dels serveis.<\/p>\n<h4>Destinataris:<\/h4>\n<p>Les dades no es comunicaran a cap tercer ali\u00e8 a Startul, S.L., llevat d\u2019obligaci\u00f3 legal.<\/p>\n<h4>Dades recopilades pels usuaris dels serveis<\/h4>\n<p>En els casos en qu\u00e8 l\u2019usuari inclogui fitxers amb dades de car\u00e0cter personal en els servidors d\u2019allotjament compartit, Startul, S.L. no es fa responsable de l\u2019incompliment per part de l\u2019usuari de l\u2019RGPD.<\/p>\n<h4>Drets de propietat intel\u00b7lectual de www.palindromo.com<\/h4>\n<p>Startul, S.L. \u00e9s titular de tots els drets d\u2019autor, propietat intel\u00b7lectual, industrial, know how, i tots aquell drets que guarden relaci\u00f3 amb els continguts del lloc web www.palindromo.com i els serveis que s\u2019hi ofereixen, aix\u00ed com dels programes necessaris per a la seva implementaci\u00f3 i la informaci\u00f3 relacionada.<\/p>\n<p>No es permet la reproducci\u00f3, publicaci\u00f3 i\/o \u00fas no estrictament privat dels continguts, totals o parcials, del lloc web www.palindromo.com sense el consentiment previ i per escrit.<\/p>\n<h4>Propietat intel\u00b7lectual del programari<\/h4>\n<p>L\u2019usuari ha de respectar els programes de tercers posats a la seva disposici\u00f3 per Startul, S.L., tot i ser gratu\u00efts i\/o de disposici\u00f3 p\u00fablica.<\/p>\n<p>Startul, S.L. disposa dels drets d\u2019explotaci\u00f3 i propietat intel\u00b7lectual necessaris del programari.<\/p>\n<p>L\u2019usuari no adquireix cap dret o llic\u00e8ncia pel servei contractat, sobre el programari necessari per a la prestaci\u00f3 del servei, ni tampoc sobre la informaci\u00f3 t\u00e8cnica de seguiment del servei, excepci\u00f3 feta de les llic\u00e8ncies i els drets necessaris per al compliment dels serveis contractats i \u00fanicament durant la durada d\u2019aquests.<\/p>\n<p>Per a tota actuaci\u00f3 que excedeixi el compliment del contracte, l\u2019usuari necessita l\u2019autoritzaci\u00f3 per escrit per part de Startul, S.L. Queda prohibit que l\u2019usuari accedeixi, modifiqui, visualitzi la configuraci\u00f3, l\u2019estructura i els fitxers dels servidors propietat de Startul, S.L. Aix\u00ed mateix, l\u2019usuari assumeix la responsabilitat civil i penal derivada de qualsevol incid\u00e8ncia que es pogu\u00e9s produir en els servidors i sistemes de seguretat com a conseq\u00fc\u00e8ncia directa d\u2019una actuaci\u00f3 negligent o maliciosa per part seva.<\/p>\n<h4>Propietat intel\u00b7lectual dels continguts allotjats<\/h4>\n<p>Es prohibeix l\u2019\u00fas contrari a la legislaci\u00f3 sobre propietat intel\u00b7lectual dels serveis prestats per Startul, S.L. i, en particular de:<\/p>\n<ol>\n<li>La utilitzaci\u00f3 que resulti contr\u00e0ria a les lleis espanyoles o que infringeixi els drets de tercers.<\/li>\n<li>La publicaci\u00f3 o la transmissi\u00f3 de qualsevol contingut que, segons el parer de Startul, S.L., resulti violent, obsc\u00e8, abusiu, il\u00b7legal, racial, xen\u00f2fob o difamatori.<\/li>\n<li>Els cracs, n\u00fameros de s\u00e8rie de programes o qualsevol altre contingut que vulneri drets de la propietat intel\u00b7lectual de tercers.<\/li>\n<li>La recollida i\/o utilitzaci\u00f3 de dades personals d\u2019altres usuaris sense el seu consentiment expr\u00e9s o contravenint el que disposa el Reglament (UE) 2016\/679 del Parlament Europeu i del Consell, de 27 d\u2019abril de 2016, relatiu a la protecci\u00f3 de les persones f\u00edsiques pel que fa al tractament de dades personals i a la seva lliure circulaci\u00f3.<\/li>\n<li>La utilitzaci\u00f3 del servidor de correu del domini i de les adreces de correu electr\u00f2nic per a l\u2019enviament de correu massiu no desitjat.<\/li>\n<\/ol>\n<p>L\u2019usuari t\u00e9 tota la responsabilitat sobre el contingut del seu web, la informaci\u00f3 transmesa i emmagatzemada, els enlla\u00e7os d\u2019hipertext, les reivindicacions de tercers i les accions legals en refer\u00e8ncia a la propietat intel\u00b7lectual, drets de tercers i protecci\u00f3 de menors.<\/p>\n<p>L\u2019usuari \u00e9s responsable respecte a les lleis i reglaments en vigor i les regles que tenen a veure amb el funcionament del servei en l\u00ednia, comer\u00e7 electr\u00f2nic, drets d\u2019autor, manteniment de l\u2019ordre p\u00fablic, aix\u00ed com principis universals d\u2019\u00fas d\u2019Internet.<\/p>\n<p>L\u2019usuari indemnitzar\u00e0 Startul, S.L. per les despeses que gener\u00e9s la imputaci\u00f3 de Startul, S.L. en alguna causa que fos responsabilitat de l\u2019usuari, inclosos honoraris i despeses de defensa jur\u00eddica, fins i tot en el cas d\u2019una decisi\u00f3 judicial no definitiva.<\/p>\n<h4>Protecci\u00f3 de la informaci\u00f3 allotjada<\/h4>\n<p>Startul, S.L. fa c\u00f2pies de seguretat dels continguts allotjats en els seus servidors. No obstant aix\u00f2, no es responsabilitza de la p\u00e8rdua o l\u2019esborrat accidental de les dades per part dels usuaris. De la mateixa manera, no garanteix la reposici\u00f3 total de les dades esborrades pels usuaris, ja que les dades esmentades podrien haver estat suprimides i\/o modificades durant el per\u00edode del temps transcorregut des de l\u2019\u00faltima c\u00f2pia de seguretat.<\/p>\n<p>Els serveis oferts, excepte els serveis espec\u00edfics de c\u00f2pia de seguretat, no inclouen la reposici\u00f3 dels continguts conservats en les c\u00f2pies de seguretat realitzades per Startul, S.L., quan aquesta p\u00e8rdua sigui imputable a l\u2019usuari; en aquest cas, es determinar\u00e0 una tarifa d\u2019acord amb la complexitat i el volum de la recuperaci\u00f3, sempre pr\u00e8via acceptaci\u00f3 de l\u2019usuari.<\/p>\n<p>La reposici\u00f3 de dades esborrades nom\u00e9s est\u00e0 inclosa en el preu del servei quan la p\u00e8rdua del contingut es degui a causes atribu\u00efbles a Startul, S.L.<\/p>\n<h4>Comunicacions comercials<\/h4>\n<p>En aplicaci\u00f3 de la LSSI, Startul, S.L. no enviar\u00e0 comunicacions publicit\u00e0ries o promocionals per correu electr\u00f2nic o un altre mitj\u00e0 de comunicaci\u00f3 electr\u00f2nica equivalent que pr\u00e8viament no hagin estat sol\u00b7licitades o expressament autoritzades pels seus destinataris.<\/p>\n<p>En el cas d\u2019usuaris amb els quals hi hagi una relaci\u00f3 contractual pr\u00e8via, Startul, S.L. s\u00ed que est\u00e0 autoritzat a l\u2019enviament de comunicacions comercials referents a productes o serveis de Startul, S.L. que siguin similars als que inicialment van ser objecte de contractaci\u00f3 amb el client.<\/p>\n<p>En tot cas, l\u2019usuari, despr\u00e9s d\u2019acreditar la seva identitat, podr\u00e0 sol\u00b7licitar que no se li envi\u00ef m\u00e9s informaci\u00f3 a trav\u00e9s dels canals d\u2019Atenci\u00f3 al Client.[\/vc_column_text][\/vc_column_inner][\/vc_row_inner][\/vc_column][\/vc_row]\n","protected":false},"excerpt":{"rendered":"<p>[vc_row type=&#8221;in_container&#8221; full_screen_row_position=&#8221;middle&#8221; column_margin=&#8221;default&#8221; column_direction=&#8221;default&#8221; column_direction_tablet=&#8221;default&#8221; column_direction_phone=&#8221;default&#8221; scene_position=&#8221;center&#8221; top_padding=&#8221;120&#8243; bottom_padding=&#8221;8%&#8221; top_padding_tablet=&#8221;50&#8243; top_padding_phone=&#8221;35&#8243; text_color=&#8221;dark&#8221; text_align=&#8221;left&#8221; row_border_radius=&#8221;none&#8221; row_border_radius_applies=&#8221;bg&#8221; overflow=&#8221;visible&#8221; overlay_strength=&#8221;0.3&#8243; gradient_direction=&#8221;left_to_right&#8221; shape_divider_position=&#8221;bottom&#8221; bg_image_animation=&#8221;none&#8221; shape_type=&#8221;&#8221;][vc_column column_padding=&#8221;no-extra-padding&#8221; column_padding_tablet=&#8221;inherit&#8221; column_padding_phone=&#8221;inherit&#8221; column_padding_position=&#8221;all&#8221; left_margin=&#8221;auto&#8221; constrain_group_2=&#8221;yes&#8221; right_margin=&#8221;auto&#8221; column_element_direction_desktop=&#8221;default&#8221;&#8230;<\/p>\n","protected":false},"author":1,"featured_media":0,"parent":0,"menu_order":0,"comment_status":"closed","ping_status":"open","template":"","meta":{"footnotes":""},"class_list":["post-529","page","type-page","status-publish"],"_links":{"self":[{"href":"https:\/\/palindromo.com\/ca\/wp-json\/wp\/v2\/pages\/529","targetHints":{"allow":["GET"]}}],"collection":[{"href":"https:\/\/palindromo.com\/ca\/wp-json\/wp\/v2\/pages"}],"about":[{"href":"https:\/\/palindromo.com\/ca\/wp-json\/wp\/v2\/types\/page"}],"author":[{"embeddable":true,"href":"https:\/\/palindromo.com\/ca\/wp-json\/wp\/v2\/users\/1"}],"replies":[{"embeddable":true,"href":"https:\/\/palindromo.com\/ca\/wp-json\/wp\/v2\/comments?post=529"}],"version-history":[{"count":2,"href":"https:\/\/palindromo.com\/ca\/wp-json\/wp\/v2\/pages\/529\/revisions"}],"predecessor-version":[{"id":531,"href":"https:\/\/palindromo.com\/ca\/wp-json\/wp\/v2\/pages\/529\/revisions\/531"}],"wp:attachment":[{"href":"https:\/\/palindromo.com\/ca\/wp-json\/wp\/v2\/media?parent=529"}],"curies":[{"name":"wp","href":"https:\/\/api.w.org\/{rel}","templated":true}]}}